{"id":120,"date":"2025-11-19T17:23:12","date_gmt":"2025-11-19T17:23:12","guid":{"rendered":"https:\/\/lightcyan-trout-204050.hostingersite.com\/?page_id=120"},"modified":"2026-02-02T21:21:50","modified_gmt":"2026-02-02T21:21:50","slug":"contacto","status":"publish","type":"page","link":"https:\/\/zorenrealty.com\/en\/contacto\/","title":{"rendered":"Contact Us"},"content":{"rendered":"<h1>Let\u2019s talk about your next investment<\/h1>\n<h1> Investing is easier when you have a team that speaks honestly to you. Tell us what you are looking for and we design the next step with you. <\/h1>\n<div><a href=\"mailto: contact@joelzepedarealtor.com\">contact@zorenrealty.com<\/a><\/div>\n<h2>Hours of operation<\/h2>\n<div>Monday to Sunday: 8am - 8pm<\/div>\n<div>\n<p>    <iframe\n  src=\"https:\/\/api.leadconnectorhq.com\/widget\/form\/hFu38kQBlx9Bd7QS6dEo\"\n  style=\"width:100%;min-height:720px;border:none;border-radius:3px\"\n  id=\"inline-hFu38kQBlx9Bd7QS6dEo\"\n  data-layout=\"{'id':'INLINE'}\"\n  data-trigger-type=\"alwaysShow\"\n  data-activation-type=\"alwaysActivated\"\n  data-deactivation-type=\"neverDeactivate\"\n  data-form-name=\"Form Espa\u00f1ol Sitio Web\"\n  data-height=\"720\"\n  data-layout-iframe-id=\"inline-hFu38kQBlx9Bd7QS6dEo\"\n  data-form-id=\"hFu38kQBlx9Bd7QS6dEo\"\n  title=\"Form Espa\u00f1ol Sitio Web\"\n><\/iframe><br \/>\n<script src=\"https:\/\/link.msgsndr.com\/js\/form_embed.js\"><\/script><\/p>\n<\/div>\n<p><!--more--><br \/>\n<!-- {\"type\":\"layout\",\"children\":[{\"type\":\"section\",\"props\":{\"header_transparent\":false,\"header_transparent_noplaceholder\":false,\"height\":\"viewport\",\"height_offset_top\":true,\"image_effect\":\"parallax\",\"image_loading\":true,\"image_parallax_bgy\":\"-150\",\"image_position\":\"center-center\",\"image_size\":\"cover\",\"image_width\":\"2560\",\"media_overlay\":\"rgba(0, 0, 0, 0.75)\",\"media_overlay_parallax_opacity\":\"0,1\",\"padding\":\"large\",\"padding_remove_bottom\":false,\"style\":\"default\",\"text_color\":\"light\",\"title_breakpoint\":\"xl\",\"title_position\":\"top-left\",\"title_rotation\":\"left\",\"vertical_align\":\"bottom\",\"video\":\"wp-content\\\/uploads\\\/2025\\\/11\\\/Hero_Contacto.mp4\",\"width\":\"expand\"},\"children\":[{\"type\":\"row\",\"props\":{\"margin\":\"xlarge\",\"width\":\"large\"},\"children\":[{\"type\":\"column\",\"props\":{\"image_position\":\"center-center\",\"position_sticky_breakpoint\":\"m\"},\"children\":[{\"type\":\"headline\",\"props\":{\"content\":\"Hablemos de tu pr\\u00f3xima inversi\\u00f3n\",\"title_element\":\"h1\",\"title_style\":\"heading-large\"}}]}]},{\"type\":\"row\",\"props\":{\"column_gap\":\"large\",\"layout\":\"2-5,3-5\",\"margin\":\"default\",\"width\":\"large\"},\"children\":[{\"type\":\"column\",\"props\":{\"image_position\":\"center-center\",\"position_sticky_breakpoint\":\"m\",\"width_medium\":\"2-5\"},\"children\":[{\"type\":\"headline\",\"props\":{\"content\":\" Invertir es m\\u00e1s sencillo cuando tienes un equipo que te habla con honestidad. Cu\\u00e9ntanos qu\\u00e9 buscas y dise\\u00f1amos contigo el siguiente paso. \",\"maxwidth\":\"2xlarge\",\"title_element\":\"h1\",\"title_style\":\"text-lead\"}},{\"type\":\"headline\",\"props\":{\"content\":\"contact@zorenrealty.com\",\"link\":\"mailto: contact@joelzepedarealtor.com\",\"title_color\":\"background\",\"title_element\":\"div\",\"title_style\":\"h2\"}},{\"type\":\"headline\",\"props\":{\"content\":\"Horario de Atenci\\u00f3n\",\"margin\":\"medium\",\"margin_remove_bottom\":true,\"title_element\":\"h2\",\"title_style\":\"h3\"}},{\"type\":\"text\",\"props\":{\"column_breakpoint\":\"m\",\"content\":\"Lunes a Domingo: 8am - 8pm\",\"margin\":\"medium\",\"margin_remove_top\":true,\"text_color\":\"emphasis\",\"text_style\":\"large\"}}]},{\"type\":\"column\",\"props\":{\"image_position\":\"center-center\",\"position_sticky_breakpoint\":\"m\",\"width_medium\":\"3-5\"},\"children\":[{\"type\":\"fragment\",\"props\":{\"margin\":\"default\"},\"children\":[{\"type\":\"row\",\"props\":{\"layout\":\"1-5,4-5\"},\"children\":[{\"type\":\"column\",\"props\":{\"image_position\":\"center-center\",\"position_sticky_breakpoint\":\"m\",\"width_medium\":\"1-5\"}},{\"type\":\"column\",\"props\":{\"image_position\":\"center-center\",\"position_sticky_breakpoint\":\"m\",\"width_medium\":\"4-5\"},\"children\":[{\"type\":\"html\",\"props\":{\"content\":\"<iframe\\n  src=\\\"https:\\\/\\\/api.leadconnectorhq.com\\\/widget\\\/form\\\/hFu38kQBlx9Bd7QS6dEo\\\"\\n  style=\\\"width:100%;min-height:720px;border:none;border-radius:3px\\\"\\n  id=\\\"inline-hFu38kQBlx9Bd7QS6dEo\\\"\\n  data-layout=\\\"{'id':'INLINE'}\\\"\\n  data-trigger-type=\\\"alwaysShow\\\"\\n  data-activation-type=\\\"alwaysActivated\\\"\\n  data-deactivation-type=\\\"neverDeactivate\\\"\\n  data-form-name=\\\"Form Espa\\u00f1ol Sitio Web\\\"\\n  data-height=\\\"720\\\"\\n  data-layout-iframe-id=\\\"inline-hFu38kQBlx9Bd7QS6dEo\\\"\\n  data-form-id=\\\"hFu38kQBlx9Bd7QS6dEo\\\"\\n  title=\\\"Form Espa\\u00f1ol Sitio Web\\\"\\n><\\\/iframe>\\n<script src=\\\"https:\\\/\\\/link.msgsndr.com\\\/js\\\/form_embed.js\\\"><\\\/script>\\n\"}}]}]}]}]}]}],\"name\":\"Contact\"}],\"version\":\"4.5.32\"} --><\/p>","protected":false},"excerpt":{"rendered":"<p>Hablemos de tu pr\u00f3xima inversi\u00f3n Invertir es m\u00e1s sencillo cuando tienes un equipo que te habla con honestidad. Cu\u00e9ntanos qu\u00e9 buscas y dise\u00f1amos contigo el siguiente paso. contact@zorenrealty.com Horario de Atenci\u00f3n Lunes a Domingo: 8am &#8211; 8pm<\/p>","protected":false},"author":3,"featured_media":0,"parent":0,"menu_order":0,"comment_status":"closed","ping_status":"closed","template":"","meta":{"_joinchat":[],"footnotes":""},"class_list":["post-120","page","type-page","status-publish","hentry"],"_hostinger_reach_plugin_has_subscription_block":false,"_hostinger_reach_plugin_is_elementor":false,"_links":{"self":[{"href":"https:\/\/zorenrealty.com\/en\/wp-json\/wp\/v2\/pages\/120","targetHints":{"allow":["GET"]}}],"collection":[{"href":"https:\/\/zorenrealty.com\/en\/wp-json\/wp\/v2\/pages"}],"about":[{"href":"https:\/\/zorenrealty.com\/en\/wp-json\/wp\/v2\/types\/page"}],"author":[{"embeddable":true,"href":"https:\/\/zorenrealty.com\/en\/wp-json\/wp\/v2\/users\/3"}],"replies":[{"embeddable":true,"href":"https:\/\/zorenrealty.com\/en\/wp-json\/wp\/v2\/comments?post=120"}],"version-history":[{"count":40,"href":"https:\/\/zorenrealty.com\/en\/wp-json\/wp\/v2\/pages\/120\/revisions"}],"predecessor-version":[{"id":889,"href":"https:\/\/zorenrealty.com\/en\/wp-json\/wp\/v2\/pages\/120\/revisions\/889"}],"wp:attachment":[{"href":"https:\/\/zorenrealty.com\/en\/wp-json\/wp\/v2\/media?parent=120"}],"curies":[{"name":"wp","href":"https:\/\/api.w.org\/{rel}","templated":true}]}}