{"id":18,"date":"2025-11-19T17:04:43","date_gmt":"2025-11-19T17:04:43","guid":{"rendered":"https:\/\/lightcyan-trout-204050.hostingersite.com\/?page_id=18"},"modified":"2026-02-17T15:29:48","modified_gmt":"2026-02-17T15:29:48","slug":"propiedades","status":"publish","type":"page","link":"https:\/\/zorenrealty.com\/en\/propiedades\/","title":{"rendered":"Properties"},"content":{"rendered":"<h1>Properties selected to invest clearly<\/h1>\n<div>\n<p><strong>Explora nuestro portafolio en el Caribe Mexicano.<\/strong><\/p>\n<\/div>\n<div>\n<p>Each development has been evaluated by our team with criteria of location, architectural design, potential added value and holiday rental demand.<\/p>\n<\/div>\n<div>\n<\/div>\n<p><!--more--><br \/>\n<!-- {\"type\":\"layout\",\"children\":[{\"type\":\"section\",\"props\":{\"image\":\"wp-content\\\/uploads\\\/2025\\\/11\\\/Zoren_Propiedades_Hero_Bg.svg\",\"image_position\":\"center-center\",\"image_size\":\"cover\",\"padding_remove_bottom\":false,\"padding_remove_top\":false,\"style\":\"default\",\"title_breakpoint\":\"xl\",\"title_position\":\"top-left\",\"title_rotation\":\"left\",\"vertical_align\":\"\",\"width\":\"large\"},\"children\":[{\"type\":\"row\",\"children\":[{\"type\":\"column\",\"props\":{\"image_position\":\"center-center\",\"position_sticky_breakpoint\":\"m\"},\"children\":[{\"type\":\"headline\",\"props\":{\"content\":\"Propiedades seleccionadas para invertir con claridad\",\"maxwidth\":\"xlarge\",\"text_align\":\"left\",\"title_element\":\"h1\"}},{\"type\":\"text\",\"props\":{\"column_breakpoint\":\"m\",\"content\":\"\n\n<p><strong>Explora nuestro portafolio en el Caribe Mexicano.<\\\/strong><\\\/p>\",\"margin\":\"medium\",\"margin_remove_bottom\":true,\"maxwidth\":\"2xlarge\",\"maxwidth_breakpoint\":\"s\",\"text_align\":\"left\",\"text_color\":\"danger\",\"text_style\":\"lead\"}},{\"type\":\"text\",\"props\":{\"column_breakpoint\":\"m\",\"content\":\"\n\n<p>Cada desarrollo ha sido evaluado por nuestro equipo con criterios de ubicaci\\u00f3n, dise\\u00f1o arquitect\\u00f3nico, potencial de plusval\\u00eda y demanda de renta vacacional.<\\\/p>\",\"dropcap\":false,\"margin\":\"default\",\"margin_remove_top\":true,\"maxwidth\":\"xlarge\",\"maxwidth_breakpoint\":\"s\",\"text_align\":\"left\",\"text_color\":\"danger\",\"text_style\":\"large\"}}]}]}],\"name\":\"Accommodations\"},{\"type\":\"section\",\"props\":{\"image_position\":\"center-center\",\"padding_remove_top\":false,\"style\":\"muted\",\"title_breakpoint\":\"xl\",\"title_position\":\"top-left\",\"title_rotation\":\"left\",\"vertical_align\":\"middle\",\"width\":\"large\"},\"children\":[{\"type\":\"row\",\"props\":{\"column_gap\":\"large\",\"row_gap\":\"large\"},\"children\":[{\"type\":\"column\",\"props\":{\"image_position\":\"center-center\",\"position_sticky_breakpoint\":\"m\"},\"children\":[{\"type\":\"grid\",\"props\":{\"content_column_breakpoint\":\"m\",\"filter\":true,\"filter_align\":\"left\",\"filter_all\":true,\"filter_grid_breakpoint\":\"m\",\"filter_grid_width\":\"auto\",\"filter_order\":\"manual\",\"filter_order_manual\":\"Todos, Canc\\u00fan, Playa del Carmen, Tulum, Entrega inmediata, Preventa, Fraccionado\",\"filter_position\":\"top\",\"filter_style\":\"tab\",\"grid_column_gap\":\"small\",\"grid_default\":\"1\",\"grid_large\":\"3\",\"grid_medium\":\"\",\"grid_small\":\"2\",\"icon_width\":80,\"image_align\":\"top\",\"image_grid_breakpoint\":\"m\",\"image_grid_width\":\"1-2\",\"image_link\":true,\"image_svg_color\":\"emphasis\",\"image_transition\":\"scale-down\",\"image_width\":\"620\",\"item_animation\":true,\"lightbox_bg_close\":true,\"link_style\":\"default\",\"link_text\":\"\",\"margin\":\"default\",\"meta_align\":\"above-title\",\"meta_color\":\"primary\",\"meta_element\":\"div\",\"meta_style\":\"h6\",\"parallax_easing\":\"1\",\"show_content\":true,\"show_hover_image\":true,\"show_hover_video\":true,\"show_image\":true,\"show_link\":true,\"show_meta\":true,\"show_title\":true,\"show_video\":true,\"title_align\":\"top\",\"title_color\":\"danger\",\"title_element\":\"h2\",\"title_grid_breakpoint\":\"m\",\"title_grid_width\":\"1-2\",\"title_hover_style\":\"reset\",\"title_link\":true,\"title_margin\":\"small\",\"title_style\":\"h3\"},\"children\":[{\"type\":\"grid_item\",\"props\":{\"item_element\":\"article\"},\"source\":{\"query\":{\"name\":\"posts.customPosts\",\"arguments\":{\"terms\":[5],\"category_operator\":\"IN\",\"post_tag_operator\":\"IN\",\"users\":[],\"users_operator\":\"IN\",\"offset\":0,\"limit\":100,\"order\":\"rand\",\"order_direction\":\"DESC\"}},\"props\":{\"title\":{\"name\":\"title\"},\"image\":{\"name\":\"featuredImage.url\"},\"tags\":{\"arguments\":{\"separator\":\", \",\"show_link\":true,\"link_style\":\"\"},\"name\":\"post_tagString\"},\"link\":{\"name\":\"link\"},\"meta\":{\"name\":\"excerpt\"}}}}],\"source\":{\"query\":{\"name\":\"categories.customCategory\",\"arguments\":{\"id\":5}}}}]}]}]}],\"version\":\"4.5.32\"} --><\/p>","protected":false},"excerpt":{"rendered":"<p>Propiedades seleccionadas para invertir con claridad Explora nuestro portafolio en el Caribe Mexicano. Cada desarrollo ha sido evaluado por nuestro equipo con criterios de ubicaci\u00f3n, dise\u00f1o arquitect\u00f3nico, potencial de plusval\u00eda y demanda de renta vacacional.<\/p>","protected":false},"author":2,"featured_media":0,"parent":0,"menu_order":0,"comment_status":"closed","ping_status":"closed","template":"","meta":{"_joinchat":[],"footnotes":""},"class_list":["post-18","page","type-page","status-publish","hentry"],"_hostinger_reach_plugin_has_subscription_block":false,"_hostinger_reach_plugin_is_elementor":false,"_links":{"self":[{"href":"https:\/\/zorenrealty.com\/en\/wp-json\/wp\/v2\/pages\/18","targetHints":{"allow":["GET"]}}],"collection":[{"href":"https:\/\/zorenrealty.com\/en\/wp-json\/wp\/v2\/pages"}],"about":[{"href":"https:\/\/zorenrealty.com\/en\/wp-json\/wp\/v2\/types\/page"}],"author":[{"embeddable":true,"href":"https:\/\/zorenrealty.com\/en\/wp-json\/wp\/v2\/users\/2"}],"replies":[{"embeddable":true,"href":"https:\/\/zorenrealty.com\/en\/wp-json\/wp\/v2\/comments?post=18"}],"version-history":[{"count":56,"href":"https:\/\/zorenrealty.com\/en\/wp-json\/wp\/v2\/pages\/18\/revisions"}],"predecessor-version":[{"id":1326,"href":"https:\/\/zorenrealty.com\/en\/wp-json\/wp\/v2\/pages\/18\/revisions\/1326"}],"wp:attachment":[{"href":"https:\/\/zorenrealty.com\/en\/wp-json\/wp\/v2\/media?parent=18"}],"curies":[{"name":"wp","href":"https:\/\/api.w.org\/{rel}","templated":true}]}}